{"id":15,"date":"2021-04-12T09:40:47","date_gmt":"2021-04-12T09:40:47","guid":{"rendered":"http:\/\/www.movefysio.fi\/?page_id=15"},"modified":"2024-10-14T16:28:46","modified_gmt":"2024-10-14T16:28:46","slug":"about","status":"publish","type":"page","link":"https:\/\/www.movefysio.fi\/?page_id=15","title":{"rendered":"Meist\u00e4"},"content":{"rendered":"\n<div class=\"wp-block-cover alignfull\" style=\"min-height:600px;aspect-ratio:unset;\"><span aria-hidden=\"true\" class=\"wp-block-cover__background has-nv-site-bg-background-color has-background-dim-100 has-background-dim\"><\/span><div class=\"wp-block-cover__inner-container is-layout-flow wp-block-cover-is-layout-flow\">\n<div class=\"wp-block-group\"><div class=\"wp-block-group__inner-container is-layout-flow wp-block-group-is-layout-flow\">\n<div class=\"wp-block-columns are-vertically-aligned-center is-layout-flex wp-container-core-columns-is-layout-1 wp-block-columns-is-layout-flex\">\n<div class=\"wp-block-column is-vertically-aligned-center is-layout-flow wp-block-column-is-layout-flow\" style=\"flex-basis:50%\">\n<h3 class=\"wp-block-heading has-text-align-center has-neve-text-color-color has-text-color\">Tuulia Ollila<\/h3>\n\n\n\n<p class=\"has-text-align-center has-neve-text-color-color has-text-color\">Fysioterapeutti<\/p>\n\n\n<div class=\"wp-block-image is-style-default\">\n<figure class=\"aligncenter size-large is-resized\"><img loading=\"lazy\" decoding=\"async\" width=\"683\" height=\"1024\" src=\"https:\/\/www.movefysio.fi\/wp-content\/uploads\/2021\/04\/movefysio-tuulia2-683x1024.jpg\" alt=\"\" class=\"wp-image-126\" style=\"width:342px;height:512px\" srcset=\"https:\/\/www.movefysio.fi\/wp-content\/uploads\/2021\/04\/movefysio-tuulia2-683x1024.jpg 683w, https:\/\/www.movefysio.fi\/wp-content\/uploads\/2021\/04\/movefysio-tuulia2-200x300.jpg 200w, https:\/\/www.movefysio.fi\/wp-content\/uploads\/2021\/04\/movefysio-tuulia2-768x1152.jpg 768w, https:\/\/www.movefysio.fi\/wp-content\/uploads\/2021\/04\/movefysio-tuulia2-1024x1536.jpg 1024w, https:\/\/www.movefysio.fi\/wp-content\/uploads\/2021\/04\/movefysio-tuulia2-1365x2048.jpg 1365w, https:\/\/www.movefysio.fi\/wp-content\/uploads\/2021\/04\/movefysio-tuulia2.jpg 1417w\" sizes=\"(max-width: 683px) 100vw, 683px\" \/><\/figure><\/div><\/div>\n\n\n\n<div class=\"wp-block-column is-vertically-aligned-center is-layout-flow wp-block-column-is-layout-flow\" style=\"flex-basis:50%\">\n<p class=\"has-drop-cap has-neve-text-color-color has-text-color\">Tuulialta l\u00f6ytyy fysioterapeutin ty\u00f6n lis\u00e4ksi pitk\u00e4 tausta urheilun puolelta. Ensikosketus urheiluun tapahtui joukkuevoimistelu harrastuksen kautta, joka my\u00f6hemmin muuttui tavoitteelliseksi kilpaurheiluksi. Kilpailu-uran aikana ehti kerty\u00e4 useita World Cupin edustuksia ja lopulta ura huipentui Lahden MM- kilpailuihin 2013.<\/p>\n\n\n\n<p class=\"has-neve-text-color-color has-text-color\">Joukkuevoimistelun valmentamisen Tuulia on aloittanut jo oman kilpauransa aikana yli 15 vuotta sitten ja jatkaa edelleen naisten SM-sarjan joukkueen valmennustiimiss\u00e4. Lis\u00e4ksi Tuulia toimii joukkuevoimistelun tuomarina ja on k\u00e4ynyt useita Suomen Voimisteluliiton valmentaja- ja tuomarikoulutuksia. Valmentajana Tuulialla on erityinen kyky kohdata urheilija niin, ett\u00e4 fyysisen suorituskyvyn lis\u00e4ksi huomioidaan my\u00f6s henkinen ja sosiaalinen ulottuvuus. Tunnustuksena menestyksekk\u00e4\u00e4st\u00e4 valmennuksesta Tuulia sai Keski-Suomen \u201dvuoden nuorisourheilun vet\u00e4j\u00e4 2018\u201d -huomionosoituksen.<\/p>\n\n\n\n<p class=\"has-neve-text-color-color has-text-color\">Fysioterapeuttina Tuulia osaa hy\u00f6dynt\u00e4\u00e4 valmentamisesta saatuja oppeja ja kohtaa ihmiset vahvalla l\u00e4sn\u00e4olollaan. Taustansa vuoksi h\u00e4nell\u00e4 on kyky analysoida urheilijan suoritusta tavoitteen ja tekniikan mukaisesti terveydellist\u00e4 n\u00e4k\u00f6kulmaa unohtamatta. Lis\u00e4ksi Tuulia ymm\u00e4rt\u00e4\u00e4 hyvin millaisia haasteita urheiluvalmentajat kokevat t\u00e4n\u00e4 p\u00e4iv\u00e4n\u00e4. Erityisesti joukkuelajeissa yksil\u00f6llisyyden huomioiminen j\u00e4\u00e4 v\u00e4h\u00e4iseksi, ellei valmentaja saa siihen tukea. T\u00e4m\u00e4 onkin yksi niist\u00e4 syist\u00e4, jonka vuoksi Tuulia haluaa ehdottomasti olla MoveFysion mukana auttamassa valmentajia ja urheilijoita tavoitteiden saavuttamiseksi.<\/p>\n<\/div>\n<\/div>\n<\/div><\/div>\n\n\n\n<div style=\"height:20px\" aria-hidden=\"true\" class=\"wp-block-spacer\"><\/div>\n<\/div><\/div>\n\n\n\n<div class=\"wp-block-cover alignfull\" style=\"min-height:600px;aspect-ratio:unset;\"><span aria-hidden=\"true\" class=\"wp-block-cover__background has-nv-light-bg-background-color has-background-dim-100 has-background-dim\"><\/span><div class=\"wp-block-cover__inner-container is-layout-flow wp-block-cover-is-layout-flow\">\n<div style=\"height:34px\" aria-hidden=\"true\" class=\"wp-block-spacer\"><\/div>\n\n\n\n<div class=\"wp-block-group\"><div class=\"wp-block-group__inner-container is-layout-flow wp-block-group-is-layout-flow\">\n<div class=\"wp-block-columns are-vertically-aligned-center is-layout-flex wp-container-core-columns-is-layout-2 wp-block-columns-is-layout-flex\">\n<div class=\"wp-block-column is-vertically-aligned-center is-layout-flow wp-block-column-is-layout-flow\" style=\"flex-basis:50%\">\n<h3 class=\"wp-block-heading has-text-align-center has-neve-text-color-color has-text-color\">Lari Lautam\u00e4ki<\/h3>\n\n\n\n<p class=\"has-text-align-center has-neve-text-color-color has-text-color\">Fysioterapeutti, Terveystieteiden maisteri<\/p>\n\n\n<div class=\"wp-block-image is-style-default\">\n<figure class=\"aligncenter size-large is-resized\"><img loading=\"lazy\" decoding=\"async\" width=\"683\" height=\"1024\" src=\"https:\/\/www.movefysio.fi\/wp-content\/uploads\/2021\/04\/movefysio-lari2-683x1024.jpg\" alt=\"\" class=\"wp-image-123\" style=\"width:342px;height:512px\" srcset=\"https:\/\/www.movefysio.fi\/wp-content\/uploads\/2021\/04\/movefysio-lari2-683x1024.jpg 683w, https:\/\/www.movefysio.fi\/wp-content\/uploads\/2021\/04\/movefysio-lari2-200x300.jpg 200w, https:\/\/www.movefysio.fi\/wp-content\/uploads\/2021\/04\/movefysio-lari2-768x1152.jpg 768w, https:\/\/www.movefysio.fi\/wp-content\/uploads\/2021\/04\/movefysio-lari2-1024x1536.jpg 1024w, https:\/\/www.movefysio.fi\/wp-content\/uploads\/2021\/04\/movefysio-lari2-1365x2048.jpg 1365w, https:\/\/www.movefysio.fi\/wp-content\/uploads\/2021\/04\/movefysio-lari2.jpg 1417w\" sizes=\"(max-width: 683px) 100vw, 683px\" \/><\/figure><\/div><\/div>\n\n\n\n<div class=\"wp-block-column is-vertically-aligned-center is-layout-flow wp-block-column-is-layout-flow\" style=\"flex-basis:50%\">\n<p class=\"has-drop-cap has-neve-text-color-color has-text-color has-normal-font-size\">Lari on varsinainen kest\u00e4vyysurheilun diesel-kone. Olet saattanut t\u00f6rm\u00e4t\u00e4 h\u00e4neen Jyv\u00e4skyl\u00e4n lenkkipoluilla, sill\u00e4 Lari liikkuu v\u00e4limatkat juosten! Monipuolisuutta Lari hakee triathlonin ja l\u00e4tk\u00e4n parista. Lari on ikuinen itsens\u00e4 kehitt\u00e4j\u00e4, jonka on vaikea pysy\u00e4 poissa koulunpenkilt\u00e4. Viimeisimp\u00e4n\u00e4 projektina haettiin terveystieteiden maisterin laput Jyv\u00e4skyl\u00e4n yliopistosta. <\/p>\n\n\n\n<p class=\"has-neve-text-color-color has-text-color\">Larilla on 13 vuoden ty\u00f6kokemus fysioterapeutin ty\u00f6st\u00e4 ja elokuusta 2022 alkaen ty\u00f6teht\u00e4viin on kuulunut my\u00f6s fysioterapian opettajan ty\u00f6teht\u00e4v\u00e4t Jyv\u00e4skyl\u00e4n ammattikorkeakoulussa.<\/p>\n\n\n\n<p class=\"has-neve-text-color-color has-text-color\">Larilla on useiden vuosien ty\u00f6kokemus nuorten fysiikkavalmennuksesta, joka on sis\u00e4lt\u00e4nyt vammaehk\u00e4isyn lis\u00e4ksi suorituskykyohjelmointia mm. kest\u00e4vyys- sek\u00e4 nopeusominaisuuksien kehitt\u00e4miseksi. Jo ensimm\u00e4isiss\u00e4 fysiikkatreeneiss\u00e4 Lari havaitsi kuinka yksinkertaisilla asioilla urheilijoiden vammariski\u00e4 voidaan pienent\u00e4\u00e4 ja samalla tehostaa pelaajien suorituskyky\u00e4 \u2013 siit\u00e4 kaikki ik\u00e4\u00e4n kuin alkoi!<\/p>\n<\/div>\n<\/div>\n<\/div><\/div>\n\n\n\n<div style=\"height:20px\" aria-hidden=\"true\" class=\"wp-block-spacer\"><\/div>\n<\/div><\/div>\n\n\n\n<div class=\"wp-block-cover alignfull\" style=\"min-height:600px;aspect-ratio:unset;\"><span aria-hidden=\"true\" class=\"wp-block-cover__background has-nv-site-bg-background-color has-background-dim-100 has-background-dim\"><\/span><div class=\"wp-block-cover__inner-container is-layout-flow wp-block-cover-is-layout-flow\">\n<div style=\"height:34px\" aria-hidden=\"true\" class=\"wp-block-spacer\"><\/div>\n\n\n\n<div class=\"wp-block-group\"><div class=\"wp-block-group__inner-container is-layout-flow wp-block-group-is-layout-flow\">\n<div class=\"wp-block-columns are-vertically-aligned-center is-layout-flex wp-container-core-columns-is-layout-3 wp-block-columns-is-layout-flex\">\n<div class=\"wp-block-column is-vertically-aligned-center is-layout-flow wp-block-column-is-layout-flow\" style=\"flex-basis:50%\">\n<h3 class=\"wp-block-heading has-text-align-center has-neve-text-color-color has-text-color\">Sauli Lietz\u00e9n<\/h3>\n\n\n\n<p class=\"has-text-align-center has-neve-text-color-color has-text-color\">Fysioterapeutti, Terveystieteiden maisteri<\/p>\n\n\n<div class=\"wp-block-image is-style-default\">\n<figure class=\"aligncenter size-large is-resized\"><img loading=\"lazy\" decoding=\"async\" width=\"683\" height=\"1024\" src=\"https:\/\/www.movefysio.fi\/wp-content\/uploads\/2021\/04\/movefysio-sauli1-683x1024.jpg\" alt=\"\" class=\"wp-image-124\" style=\"width:342px;height:512px\" srcset=\"https:\/\/www.movefysio.fi\/wp-content\/uploads\/2021\/04\/movefysio-sauli1-683x1024.jpg 683w, https:\/\/www.movefysio.fi\/wp-content\/uploads\/2021\/04\/movefysio-sauli1-200x300.jpg 200w, https:\/\/www.movefysio.fi\/wp-content\/uploads\/2021\/04\/movefysio-sauli1-768x1152.jpg 768w, https:\/\/www.movefysio.fi\/wp-content\/uploads\/2021\/04\/movefysio-sauli1-1024x1536.jpg 1024w, https:\/\/www.movefysio.fi\/wp-content\/uploads\/2021\/04\/movefysio-sauli1-1365x2048.jpg 1365w, https:\/\/www.movefysio.fi\/wp-content\/uploads\/2021\/04\/movefysio-sauli1.jpg 1417w\" sizes=\"(max-width: 683px) 100vw, 683px\" \/><\/figure><\/div><\/div>\n\n\n\n<div class=\"wp-block-column is-vertically-aligned-center is-layout-flow wp-block-column-is-layout-flow\" style=\"flex-basis:50%\">\n<p class=\"has-drop-cap has-neve-text-color-color has-text-color has-normal-font-size\">Saulin kiinnostus fysioterapiaa ja vammojen ennaltaehk\u00e4isy\u00e4 kohtaan on noussut omien vammojen kautta. Vammat kertyiv\u00e4t nuoruuden jalkapalloharrastuksen ja aktiivisen kamppailu-urheilu kilpauran aikana. Kamppailu-urheilun harrastaminen ei ole vammoista huolimatta loppunut. Lis\u00e4ksi Sauli harrastaa monipuolisesti liikuntaa voimailun, liikkuvuusharjoittelun ja kest\u00e4vyysliikunnan muodossa.<\/p>\n\n\n\n<p class=\"has-neve-text-color-color has-text-color\">Fysioterapeuttina Saulilla on vankka kokemus tuki- ja liikuntaelin vaivojen hoidosta, jonka lis\u00e4ksi Sauli kouluttaa terveydenhuoltoalan ammattilaisia jotka ty\u00f6skentelev\u00e4t tuki- ja liikuntaelin asiakkaiden kanssa. Fysioterapeuttina sek\u00e4 fysiikka- ja voimavalmentajana Sauli on analyyttinen ja ongelmanratkaisukeskeinen. T\u00e4ll\u00e4 hetkell\u00e4 ty\u00f6skentelee liikuntafysiologina Sairaala Novassa. Sauli on innokas oppimaan uutta ja opiskelemaan ja onkin valmistunut terveystieteen maisterin tutkinnosta fysioterapian p\u00e4\u00e4aineesta Jyv\u00e4skyl\u00e4n yliopistosta.<\/p>\n<\/div>\n<\/div>\n<\/div><\/div>\n<\/div><\/div>\n\n\n\n<div style=\"height:20px\" aria-hidden=\"true\" class=\"wp-block-spacer\"><\/div>\n\n\n\n<div style=\"height:20px\" aria-hidden=\"true\" class=\"wp-block-spacer\"><\/div>\n\n\n\n<div class=\"wp-block-cover alignfull\" style=\"min-height:600px;aspect-ratio:unset;\"><span aria-hidden=\"true\" class=\"wp-block-cover__background has-nv-light-bg-background-color has-background-dim-100 has-background-dim\"><\/span><div class=\"wp-block-cover__inner-container is-layout-flow wp-block-cover-is-layout-flow\">\n<div style=\"height:34px\" aria-hidden=\"true\" class=\"wp-block-spacer\"><\/div>\n\n\n\n<div class=\"wp-block-group\"><div class=\"wp-block-group__inner-container is-layout-flow wp-block-group-is-layout-flow\">\n<div class=\"wp-block-columns are-vertically-aligned-center is-layout-flex wp-container-core-columns-is-layout-4 wp-block-columns-is-layout-flex\">\n<div class=\"wp-block-column is-vertically-aligned-center is-layout-flow wp-block-column-is-layout-flow\" style=\"flex-basis:50%\">\n<h3 class=\"wp-block-heading has-text-align-center has-neve-text-color-color has-text-color\">Henna Honkanen<\/h3>\n\n\n\n<p class=\"has-text-align-center has-neve-text-color-color has-text-color\">Fysioterapeutti, Liikuntatieteiden maisteri<\/p>\n\n\n<div class=\"wp-block-image is-style-default\">\n<figure class=\"aligncenter size-large is-resized\"><img loading=\"lazy\" decoding=\"async\" width=\"683\" height=\"1024\" src=\"https:\/\/www.movefysio.fi\/wp-content\/uploads\/2021\/04\/movefysio-henna1-683x1024.jpg\" alt=\"\" class=\"wp-image-120\" style=\"width:342px;height:512px\" srcset=\"https:\/\/www.movefysio.fi\/wp-content\/uploads\/2021\/04\/movefysio-henna1-683x1024.jpg 683w, https:\/\/www.movefysio.fi\/wp-content\/uploads\/2021\/04\/movefysio-henna1-200x300.jpg 200w, https:\/\/www.movefysio.fi\/wp-content\/uploads\/2021\/04\/movefysio-henna1-768x1152.jpg 768w, https:\/\/www.movefysio.fi\/wp-content\/uploads\/2021\/04\/movefysio-henna1-1024x1536.jpg 1024w, https:\/\/www.movefysio.fi\/wp-content\/uploads\/2021\/04\/movefysio-henna1-1365x2048.jpg 1365w, https:\/\/www.movefysio.fi\/wp-content\/uploads\/2021\/04\/movefysio-henna1.jpg 1417w\" sizes=\"(max-width: 683px) 100vw, 683px\" \/><\/figure><\/div><\/div>\n\n\n\n<div class=\"wp-block-column is-vertically-aligned-center is-layout-flow wp-block-column-is-layout-flow\" style=\"flex-basis:50%\">\n<p class=\"has-drop-cap has-neve-text-color-color has-text-color has-normal-font-size\">Henna kiinnostui fysioterapiasta omien vammojen my\u00f6t\u00e4 ja h\u00e4nen intohimona onkin, ettei kenenk\u00e4\u00e4n nuoren urheilijan tarvitsisi kulkea sellaista polkua, vaan saisi harjoitella terveen\u00e4 sek\u00e4 nauttia urheilemisesta. Henna on fysioterapeutin lis\u00e4ksi my\u00f6s ammattijalkapalloilija, joten Henna ymm\u00e4rt\u00e4\u00e4 mit\u00e4 urheilijaksi kasvaminen ja ammattiurheilijaksi p\u00e4\u00e4seminen vaatii. Juniorimaajoukkueet l\u00e4pi k\u00e4yneell\u00e4 Hennalla on kausia naisten p\u00e4\u00e4sarjatasolla kertynyt yhteens\u00e4 yksitoista Suomessa ja ulkomailla.&nbsp;<\/p>\n\n\n\n<p class=\"has-neve-text-color-color has-text-color\">Pelaamisen lis\u00e4ksi Henna on toiminut fysioterapeuttina my\u00f6s jalkapalloilijoiden kanssa Suomessa ja Euroopan huippusarjoissa sek\u00e4 lis\u00e4ksi urheilulukiolaisten ja yl\u00e4koululaisten fysiikkavalmentajana. Henna on fysioterapeutin lis\u00e4ksi my\u00f6s liikuntatieteiden maisteri ja on erikoistunut urheilufysioterapian ohella my\u00f6s urheiluravitsemukseen.<\/p>\n<\/div>\n<\/div>\n<\/div><\/div>\n<\/div><\/div>\n\n\n\n<div class=\"wp-block-cover alignfull\" style=\"min-height:600px;aspect-ratio:unset;\"><span aria-hidden=\"true\" class=\"wp-block-cover__background has-nv-light-bg-background-color has-background-dim-100 has-background-dim\"><\/span><div class=\"wp-block-cover__inner-container is-layout-flow wp-block-cover-is-layout-flow\">\n<div style=\"height:39px\" aria-hidden=\"true\" class=\"wp-block-spacer\"><\/div>\n\n\n\n<div class=\"wp-block-group\"><div class=\"wp-block-group__inner-container is-layout-flow wp-block-group-is-layout-flow\">\n<div class=\"wp-block-columns are-vertically-aligned-center is-layout-flex wp-container-core-columns-is-layout-5 wp-block-columns-is-layout-flex\">\n<div class=\"wp-block-column is-vertically-aligned-center is-layout-flow wp-block-column-is-layout-flow\" style=\"flex-basis:50%\">\n<h2 class=\"wp-block-heading has-neve-text-color-color has-text-color\">Mist\u00e4 kaikki l\u00e4hti<\/h2>\n\n\n\n<p class=\"has-neve-text-color-color has-text-color\">MoveFysio sai ajatustasolla alkunsa vuonna 2019, kun Lari ja Henna pistiv\u00e4t viisaat p\u00e4\u00e4ns\u00e4 yhteen. Henna oli fysioterapiaopiskelijana Larin ohjauksessa ja keskustelut alkoivat py\u00f6ri\u00e4 p\u00e4iv\u00e4 toisensa j\u00e4lkeen enemm\u00e4n jalkapalloilijoiden fysiikkavalmennuksen ymp\u00e4rill\u00e4. Lari oli juuri aloittanut ty\u00f6skentelyn jalkapalloilijoiden kanssa ja p\u00e4ivitteli Hennalle, kuinka yleisi\u00e4 urheiluvammat olivat lajin parissa. Ihmetyst\u00e4 her\u00e4tti my\u00f6s kuinka v\u00e4h\u00e4n tukea valmennus sai vammojen huomioimisessa, puhumattakaan niiden ennaltaehk\u00e4isyst\u00e4. Hennan oma kokemus aiheen parissa sek\u00e4 pelaajana &#8211;&nbsp; ett\u00e4 kuntoutujana \u2013 tuntui Larista koskettavalta, mutta my\u00f6s absurdilta. Miten oli mahdollista, ett\u00e4 h\u00e4nen polvensa oltiin operoitu nuoresta i\u00e4st\u00e4 huolimatta nelj\u00e4 kertaa? Olisiko Hennan kohdalla voitu tehd\u00e4 jotain toisin ja jos olisi, niin mit\u00e4?&nbsp;<\/p>\n\n\n\n<p class=\"has-neve-text-color-color has-text-color\">Hennan mielest\u00e4 jalkapalloilijoiden valmennuksen haasteena oli se, ett\u00e4 erityisesti nuorten fysiikkavalmennuksesta s\u00e4\u00e4stettiin ja se j\u00e4i usein p\u00e4\u00e4valmentajien vastuulle kaiken muun valmentamisen lis\u00e4ksi. Yleens\u00e4 vasta edustusjoukkueilla oli oma fysiikkavalmentaja ja heid\u00e4nkin ty\u00f6teht\u00e4v\u00e4 keskittyi suorituskyvyn kehitt\u00e4miseen, eik\u00e4 niink\u00e4\u00e4n vammojen ennaltaehk\u00e4isyyn. T\u00e4ss\u00e4 oli siis hyv\u00e4 sauma alkaa kehitt\u00e4\u00e4 jotain uutta ja ainutlaatuista!&nbsp;<\/p>\n\n\n\n<p class=\"has-neve-text-color-color has-text-color\">Lari ja Henna alkoivat kehitell\u00e4 menetelm\u00e4\u00e4, jonka avulla olisi mahdollista l\u00f6yt\u00e4\u00e4 pelaajien yksil\u00f6lliset riskitekij\u00e4t vammautua. T\u00e4m\u00e4n tiedon avulla valmennus saisi yksinkertaiset ja tehokkaat harjoitusohjeet vammojen ennaltaehk\u00e4isy\u00e4 ajatellen, jotka olisi mahdollista toteuttaa joukkueen harjoitusten yhteydess\u00e4. Lari ja Henna testasivat useita joukkueita ja saivat paljon positiivista palautetta sek\u00e4 pelaajilta ett\u00e4 valmentajilta ja p\u00e4\u00e4ttiv\u00e4t kehitt\u00e4\u00e4 menetelm\u00e4\u00e4 entisest\u00e4\u00e4n.&nbsp;<\/p>\n\n\n\n<p class=\"has-neve-text-color-color has-text-color\">Niinp\u00e4 MoveFysion toimintaan mukaan tulivat Sauli ja Tuulia, jotka toivat monipuolista osaamista yrityksen toimintaan. Entist\u00e4 enemm\u00e4n tieteeseen perustuvuus ja sen hy\u00f6dynt\u00e4minen esimerkiksi tilastojen avulla,&nbsp; looginen p\u00e4\u00e4ttelykyky sek\u00e4 ongelmanratkaisutaidot tulivat Saulin erityisosaamisen mukana. Tuulian kokemukset urheilijoiden parissa ja erityisosaaminen nuoren urheilijan&nbsp; kohtaamisessa ovat erityisen t\u00e4rkeit\u00e4 esimerkiksi testaustilanteissa. Tuulialla on kokemusta lasten ja nuorten ohjaamisesta eri lajien parissa jo yli 15 vuoden ajan. T\u00e4st\u00e4 suurimman osan Tuulia on keskittynyt SM-tason joukkuevoimistelijoiden valmentamiseen oman urheilu-uransa j\u00e4lkeen.<br>\u201cUrheiluvalmentajana tied\u00e4n, miten arvokasta on saada tukea valmennuksen kokonaisvaltaisuuteen. Hyvien tukitoimien ansiosta olen pystynyt keskittym\u00e4\u00e4n valmentajana enemm\u00e4n urheilijoiden fysiikan ja lajitaitojen kehitt\u00e4miseen. Ymm\u00e4rr\u00e4n my\u00f6s haasteet yksil\u00f6llisyyden huomioimisessa erityisesti joukkuelajeissa.\u201d&nbsp;<\/p>\n\n\n\n<p class=\"has-neve-text-color-color has-text-color\">Yhdess\u00e4 Henna, Tuulia, Lari ja Sauli auttavat urheilijoita, jotta terveit\u00e4 harjoitusp\u00e4ivi\u00e4 olisi enemm\u00e4n!<\/p>\n<\/div>\n\n\n\n<div class=\"wp-block-column is-vertically-aligned-center is-layout-flow wp-block-column-is-layout-flow\" style=\"flex-basis:50%\">\n<figure class=\"wp-block-image size-large\"><img loading=\"lazy\" decoding=\"async\" width=\"1000\" height=\"1600\" src=\"https:\/\/www.movefysio.fi\/wp-content\/uploads\/2021\/04\/a065d660-7606-462c-ae1b-2f57b07d2cba-edited.jpg\" alt=\"\" class=\"wp-image-278\" srcset=\"https:\/\/www.movefysio.fi\/wp-content\/uploads\/2021\/04\/a065d660-7606-462c-ae1b-2f57b07d2cba-edited.jpg 1000w, https:\/\/www.movefysio.fi\/wp-content\/uploads\/2021\/04\/a065d660-7606-462c-ae1b-2f57b07d2cba-edited-188x300.jpg 188w, https:\/\/www.movefysio.fi\/wp-content\/uploads\/2021\/04\/a065d660-7606-462c-ae1b-2f57b07d2cba-edited-640x1024.jpg 640w, https:\/\/www.movefysio.fi\/wp-content\/uploads\/2021\/04\/a065d660-7606-462c-ae1b-2f57b07d2cba-edited-768x1229.jpg 768w, https:\/\/www.movefysio.fi\/wp-content\/uploads\/2021\/04\/a065d660-7606-462c-ae1b-2f57b07d2cba-edited-960x1536.jpg 960w\" sizes=\"(max-width: 1000px) 100vw, 1000px\" \/><\/figure>\n\n\n\n<p class=\"has-text-align-center has-nv-dark-bg-color has-text-color\"><\/p>\n\n\n<div class=\"wp-block-image\">\n<figure class=\"aligncenter size-large is-resized\"><img loading=\"lazy\" decoding=\"async\" width=\"819\" height=\"1024\" src=\"https:\/\/www.movefysio.fi\/wp-content\/uploads\/2021\/04\/1-1-of-1-23-819x1024.jpeg\" alt=\"\" class=\"wp-image-243\" style=\"width:614px;height:768px\" srcset=\"https:\/\/www.movefysio.fi\/wp-content\/uploads\/2021\/04\/1-1-of-1-23-819x1024.jpeg 819w, https:\/\/www.movefysio.fi\/wp-content\/uploads\/2021\/04\/1-1-of-1-23-240x300.jpeg 240w, https:\/\/www.movefysio.fi\/wp-content\/uploads\/2021\/04\/1-1-of-1-23-768x960.jpeg 768w, https:\/\/www.movefysio.fi\/wp-content\/uploads\/2021\/04\/1-1-of-1-23-1229x1536.jpeg 1229w, https:\/\/www.movefysio.fi\/wp-content\/uploads\/2021\/04\/1-1-of-1-23-1638x2048.jpeg 1638w, https:\/\/www.movefysio.fi\/wp-content\/uploads\/2021\/04\/1-1-of-1-23-scaled.jpeg 2048w\" sizes=\"(max-width: 819px) 100vw, 819px\" \/><\/figure><\/div><\/div>\n<\/div>\n<\/div><\/div>\n<\/div><\/div>\n\n\n\n<div style=\"height:40px\" aria-hidden=\"true\" class=\"wp-block-spacer\"><\/div>\n\n\n\n<div class=\"wp-block-buttons is-horizontal is-content-justification-center is-layout-flex wp-container-core-buttons-is-layout-1 wp-block-buttons-is-layout-flex\">\n<div class=\"wp-block-button\"><a class=\"wp-block-button__link has-nv-site-bg-color has-neve-link-color-background-color has-text-color has-background wp-element-button\" href=\"https:\/\/www.movefysio.fi\/?page_id=15\" rel=\"https:\/\/www.movefysio.fi\/?page_id=15\">Takaisin yl\u00f6s<\/a><\/div>\n<\/div>\n\n\n\n<p><\/p>\n","protected":false},"excerpt":{"rendered":"","protected":false},"author":1,"featured_media":0,"parent":0,"menu_order":0,"comment_status":"closed","ping_status":"closed","template":"","meta":{"neve_meta_sidebar":"","neve_meta_container":"","neve_meta_enable_content_width":"on","neve_meta_content_width":100,"neve_meta_title_alignment":"","neve_meta_author_avatar":"","neve_post_elements_order":"","neve_meta_disable_header":"","neve_meta_disable_footer":"","neve_meta_disable_title":"on","footnotes":""},"class_list":["post-15","page","type-page","status-publish","hentry"],"_links":{"self":[{"href":"https:\/\/www.movefysio.fi\/index.php?rest_route=\/wp\/v2\/pages\/15"}],"collection":[{"href":"https:\/\/www.movefysio.fi\/index.php?rest_route=\/wp\/v2\/pages"}],"about":[{"href":"https:\/\/www.movefysio.fi\/index.php?rest_route=\/wp\/v2\/types\/page"}],"author":[{"embeddable":true,"href":"https:\/\/www.movefysio.fi\/index.php?rest_route=\/wp\/v2\/users\/1"}],"replies":[{"embeddable":true,"href":"https:\/\/www.movefysio.fi\/index.php?rest_route=%2Fwp%2Fv2%2Fcomments&post=15"}],"version-history":[{"count":78,"href":"https:\/\/www.movefysio.fi\/index.php?rest_route=\/wp\/v2\/pages\/15\/revisions"}],"predecessor-version":[{"id":460,"href":"https:\/\/www.movefysio.fi\/index.php?rest_route=\/wp\/v2\/pages\/15\/revisions\/460"}],"wp:attachment":[{"href":"https:\/\/www.movefysio.fi\/index.php?rest_route=%2Fwp%2Fv2%2Fmedia&parent=15"}],"curies":[{"name":"wp","href":"https:\/\/api.w.org\/{rel}","templated":true}]}}