{"id":14,"date":"2021-04-12T09:40:47","date_gmt":"2021-04-12T09:40:47","guid":{"rendered":"http:\/\/www.movefysio.fi\/?page_id=14"},"modified":"2024-10-14T16:32:25","modified_gmt":"2024-10-14T16:32:25","slug":"home","status":"publish","type":"page","link":"https:\/\/www.movefysio.fi\/","title":{"rendered":"Home"},"content":{"rendered":"\n<div class=\"wp-block-cover alignfull has-parallax\" style=\"min-height:610px;aspect-ratio:unset;\"><span aria-hidden=\"true\" class=\"wp-block-cover__background has-nv-dark-bg-background-color has-background-dim-70 has-background-dim\"><\/span><div class=\"wp-block-cover__image-background wp-image-427 has-parallax\" style=\"background-position:50% 50%;background-image:url(https:\/\/www.movefysio.fi\/wp-content\/uploads\/2023\/01\/Lumo_7-scaled.jpeg)\"><\/div><div class=\"wp-block-cover__inner-container is-layout-flow wp-block-cover-is-layout-flow\">\n<h2 class=\"wp-block-heading has-text-align-center has-nv-light-bg-color has-text-color has-large-font-size\"><strong>Vammoja ennaltaehk\u00e4isev\u00e4\u00e4 testausta urheilijoille<\/strong><\/h2>\n\n\n\n<p class=\"has-text-align-center has-nv-light-bg-color has-text-color has-medium-font-size\">Haluaisitko saada urheilijastasi yksil\u00f6llisemp\u00e4\u00e4 tietoa, jonka avulla pystyt suunnittelemaan valmennusta yksil\u00f6lliset erot ja eri ik\u00e4kausivaiheet huomioiden? Vai oletko urheilijan huoltaja ja haluaisit panostaa lapsesi terveyteen, selvitt\u00e4\u00e4 mahdolliset vammariskit tai syyn jo olemassa oleville vammoille ja kiputiloille?<\/p>\n\n\n\n<p class=\"has-text-align-center has-nv-light-bg-color has-text-color has-medium-font-size\">Olemme kehitt\u00e4neet menetelm\u00e4n, jolla pystymme luotettavasti arvioimaan urheilijan vammariski\u00e4 ja mahdollisten kiputilojen syit\u00e4.<\/p>\n\n\n\n<div style=\"height:20px\" aria-hidden=\"true\" class=\"wp-block-spacer\"><\/div>\n\n\n\n<div class=\"wp-block-buttons is-horizontal is-content-justification-center is-layout-flex wp-container-core-buttons-is-layout-1 wp-block-buttons-is-layout-flex\">\n<div class=\"wp-block-button is-style-primary\"><a class=\"wp-block-button__link wp-element-button\" href=\"https:\/\/www.movefysio.fi\/?page_id=67\">Lue lis\u00e4\u00e4<\/a><\/div>\n\n\n\n<div class=\"wp-block-button is-style-secondary\"><a class=\"wp-block-button__link wp-element-button\" href=\"https:\/\/www.movefysio.fi\/?page_id=18\">hinnasto<\/a><\/div>\n<\/div>\n\n\n\n<div style=\"height:90px\" aria-hidden=\"true\" class=\"wp-block-spacer\"><\/div>\n\n\n\n<p class=\"has-text-align-center has-text-color has-small-font-size\" style=\"color:#ffffff45\">Kuva: Tiia-Tuulia J\u00e4rvinen<\/p>\n<\/div><\/div>\n\n\n\n<div style=\"height:24px\" aria-hidden=\"true\" class=\"wp-block-spacer\"><\/div>\n\n\n<div class=\"wp-block-image\">\n<figure class=\"aligncenter size-large is-resized\"><img loading=\"lazy\" decoding=\"async\" width=\"1024\" height=\"528\" src=\"https:\/\/www.movefysio.fi\/wp-content\/uploads\/2021\/04\/yhteiskuva1-1024x528.jpg\" alt=\"\" class=\"wp-image-282\" style=\"width:768px;height:396px\" srcset=\"https:\/\/www.movefysio.fi\/wp-content\/uploads\/2021\/04\/yhteiskuva1-1024x528.jpg 1024w, https:\/\/www.movefysio.fi\/wp-content\/uploads\/2021\/04\/yhteiskuva1-300x155.jpg 300w, https:\/\/www.movefysio.fi\/wp-content\/uploads\/2021\/04\/yhteiskuva1-768x396.jpg 768w, https:\/\/www.movefysio.fi\/wp-content\/uploads\/2021\/04\/yhteiskuva1-1536x792.jpg 1536w, https:\/\/www.movefysio.fi\/wp-content\/uploads\/2021\/04\/yhteiskuva1.jpg 1639w\" sizes=\"(max-width: 1024px) 100vw, 1024px\" \/><\/figure><\/div>\n\n\n<div style=\"height:24px\" aria-hidden=\"true\" class=\"wp-block-spacer\"><\/div>\n\n\n\n<div class=\"wp-block-columns is-layout-flex wp-container-core-columns-is-layout-1 wp-block-columns-is-layout-flex\">\n<div class=\"wp-block-column is-layout-flow wp-block-column-is-layout-flow\">\n<h3 class=\"wp-block-heading has-text-align-center has-neve-text-color-color has-text-color\">Ammattilaiset asialla<\/h3>\n\n\n\n<p class=\"has-text-align-center\">Apunasi on nelj\u00e4 fysioterapeuttia, joilta jokaiselta l\u00f6ytyy kattava osaaminen ja tietotaito urheiluvammojen ennaltaehk\u00e4isemisest\u00e4<\/p>\n\n\n\n<div style=\"height:20px\" aria-hidden=\"true\" class=\"wp-block-spacer\"><\/div>\n<\/div>\n\n\n\n<div class=\"wp-block-column is-layout-flow wp-block-column-is-layout-flow\">\n<h3 class=\"wp-block-heading has-text-align-center has-neve-text-color-color has-text-color\">Yksil\u00f6llist\u00e4 ennaltaehk\u00e4isy\u00e4<\/h3>\n\n\n\n<p class=\"has-text-align-center\">Urhelijoiden yksil\u00f6llist\u00e4 huomiointia ja vammariskien v\u00e4hent\u00e4mist\u00e4.<\/p>\n\n\n\n<div style=\"height:20px\" aria-hidden=\"true\" class=\"wp-block-spacer\"><\/div>\n<\/div>\n<\/div>\n\n\n\n<div class=\"wp-block-cover alignfull\" style=\"min-height:600px;aspect-ratio:unset;\"><span aria-hidden=\"true\" class=\"wp-block-cover__background has-nv-light-bg-background-color has-background-dim-100 has-background-dim\"><\/span><div class=\"wp-block-cover__inner-container is-layout-flow wp-block-cover-is-layout-flow\">\n<div class=\"wp-block-group\"><div class=\"wp-block-group__inner-container is-layout-flow wp-block-group-is-layout-flow\">\n<div style=\"height:25px\" aria-hidden=\"true\" class=\"wp-block-spacer\"><\/div>\n\n\n\n<div class=\"wp-block-columns are-vertically-aligned-center is-layout-flex wp-container-core-columns-is-layout-2 wp-block-columns-is-layout-flex\">\n<div class=\"wp-block-column is-vertically-aligned-center is-layout-flow wp-block-column-is-layout-flow\" style=\"flex-basis:50%\">\n<figure class=\"wp-block-image size-full\"><img loading=\"lazy\" decoding=\"async\" width=\"689\" height=\"862\" src=\"https:\/\/www.movefysio.fi\/wp-content\/uploads\/2023\/01\/movefysio-1.jpg\" alt=\"\" class=\"wp-image-412\" srcset=\"https:\/\/www.movefysio.fi\/wp-content\/uploads\/2023\/01\/movefysio-1.jpg 689w, https:\/\/www.movefysio.fi\/wp-content\/uploads\/2023\/01\/movefysio-1-240x300.jpg 240w\" sizes=\"(max-width: 689px) 100vw, 689px\" \/><\/figure>\n<\/div>\n\n\n\n<div class=\"wp-block-column is-vertically-aligned-center is-layout-flow wp-block-column-is-layout-flow\" style=\"flex-basis:50%\">\n<h2 class=\"wp-block-heading has-text-align-left has-neve-text-color-color has-text-color\">Urheilijan vammariskianalyysi<\/h2>\n\n\n\n<p class=\"has-text-align-left has-neve-text-color-color has-text-color\" style=\"font-size:17px\">Olemme kehitt\u00e4neet menetelm\u00e4n, jolla pystymme tehokkaasti ja luotettavasti arvioimaan urhelijan suorituskyky\u00e4 ja vammariski\u00e4. Menetelm\u00e4n tavoitteena on l\u00f6yt\u00e4\u00e4 urhelijioden yksil\u00f6lliset riskitekij\u00e4t ja kehitt\u00e4\u00e4 heid\u00e4n suorituskyky\u00e4\u00e4n. L\u00f6yd\u00f6sten perusteella autamme valmentajia fysiikkaharjoittelun suunnittelussa.<\/p>\n\n\n\n<div class=\"wp-block-buttons is-horizontal is-content-justification-left is-layout-flex wp-container-core-buttons-is-layout-2 wp-block-buttons-is-layout-flex\">\n<div class=\"wp-block-button is-style-primary\"><a class=\"wp-block-button__link wp-element-button\" href=\"https:\/\/www.movefysio.fi\/?page_id=67\">lue lis\u00e4\u00e4<\/a><\/div>\n<\/div>\n<\/div>\n<\/div>\n\n\n\n<p><\/p>\n<\/div><\/div>\n<\/div><\/div>\n\n\n\n<div class=\"wp-block-cover alignfull\" style=\"min-height:600px;aspect-ratio:unset;\"><span aria-hidden=\"true\" class=\"wp-block-cover__background has-nv-site-bg-background-color has-background-dim-100 has-background-dim\"><\/span><div class=\"wp-block-cover__inner-container is-layout-flow wp-block-cover-is-layout-flow\">\n<div class=\"wp-block-group\"><div class=\"wp-block-group__inner-container is-layout-flow wp-block-group-is-layout-flow\">\n<div style=\"height:80px\" aria-hidden=\"true\" class=\"wp-block-spacer\"><\/div>\n\n\n\n<div class=\"wp-block-columns are-vertically-aligned-center is-layout-flex wp-container-core-columns-is-layout-3 wp-block-columns-is-layout-flex\">\n<div class=\"wp-block-column is-vertically-aligned-center is-layout-flow wp-block-column-is-layout-flow\" style=\"flex-basis:50%\">\n<h2 class=\"wp-block-heading has-text-align-left has-neve-text-color-color has-text-color\">Meist\u00e4<\/h2>\n\n\n\n<p class=\"has-text-align-left has-neve-text-color-color has-text-color\" style=\"font-size:17px\">Olemme nelj\u00e4 pitk\u00e4lle kouluttautunutta alan ammattilaisia, joilta l\u00f6ytyy rautaista ammattitaitoa sek\u00e4 omakohtaista kokemusta urheiluvammoista. <\/p>\n\n\n\n<div class=\"wp-block-buttons is-horizontal is-content-justification-left is-layout-flex wp-container-core-buttons-is-layout-3 wp-block-buttons-is-layout-flex\">\n<div class=\"wp-block-button is-style-primary\"><a class=\"wp-block-button__link wp-element-button\" href=\"https:\/\/www.movefysio.fi\/?page_id=15\">lue lis\u00e4\u00e4<\/a><\/div>\n<\/div>\n\n\n\n<div style=\"height:40px\" aria-hidden=\"true\" class=\"wp-block-spacer\"><\/div>\n<\/div>\n\n\n\n<div class=\"wp-block-column is-vertically-aligned-center is-layout-flow wp-block-column-is-layout-flow\" style=\"flex-basis:50%\">\n<figure class=\"wp-block-image size-full\"><img loading=\"lazy\" decoding=\"async\" width=\"708\" height=\"885\" src=\"https:\/\/www.movefysio.fi\/wp-content\/uploads\/2023\/01\/movefysio.jpg\" alt=\"\" class=\"wp-image-407\" srcset=\"https:\/\/www.movefysio.fi\/wp-content\/uploads\/2023\/01\/movefysio.jpg 708w, https:\/\/www.movefysio.fi\/wp-content\/uploads\/2023\/01\/movefysio-240x300.jpg 240w\" sizes=\"(max-width: 708px) 100vw, 708px\" \/><\/figure>\n<\/div>\n<\/div>\n\n\n\n<div style=\"height:40px\" aria-hidden=\"true\" class=\"wp-block-spacer\"><\/div>\n<\/div><\/div>\n<\/div><\/div>\n\n\n\n<div class=\"wp-block-cover alignfull\" style=\"min-height:300px;aspect-ratio:unset;\"><span aria-hidden=\"true\" class=\"wp-block-cover__background has-nv-dark-bg-background-color has-background-dim-100 has-background-dim\"><\/span><div class=\"wp-block-cover__inner-container is-layout-flow wp-block-cover-is-layout-flow\">\n<div style=\"height:140px\" aria-hidden=\"true\" class=\"wp-block-spacer\"><\/div>\n\n\n\n<h3 class=\"wp-block-heading has-text-align-center has-nv-text-dark-bg-color has-text-color\" style=\"font-size:41px\">Ota yhteytt\u00e4 ja lis\u00e4t\u00e4\u00e4n urheilijoiden terveit\u00e4 harjoittelup\u00e4ivi\u00e4 yhdess\u00e4<\/h3>\n\n\n\n<div style=\"height:67px\" aria-hidden=\"true\" class=\"wp-block-spacer\"><\/div>\n\n\n\n<div class=\"wp-block-buttons is-horizontal is-content-justification-center is-layout-flex wp-container-core-buttons-is-layout-4 wp-block-buttons-is-layout-flex\">\n<div class=\"wp-block-button is-style-primary\"><a class=\"wp-block-button__link wp-element-button\" href=\"https:\/\/www.movefysio.fi\/?page_id=16\">ota yhteytt\u00e4<\/a><\/div>\n<\/div>\n\n\n\n<p><\/p>\n\n\n\n<p class=\"has-text-align-center\" style=\"font-size:25px\">MoveFysio Oy<\/p>\n\n\n\n<p class=\"has-text-align-center\" style=\"font-size:23px\"> Y-tunnus 3179404-2&nbsp;<\/p>\n\n\n\n<p class=\"has-text-align-center\" style=\"font-size:25px\">info@movefysio.fi<\/p>\n\n\n\n<div style=\"height:67px\" aria-hidden=\"true\" class=\"wp-block-spacer\"><\/div>\n\n\n\n<p><\/p>\n<\/div><\/div>\n","protected":false},"excerpt":{"rendered":"<p>Ammattilaiset asialla Apunasi on nelj\u00e4 fysioterapeuttia, joilta jokaiselta l\u00f6ytyy kattava osaaminen ja tietotaito urheiluvammojen ennaltaehk\u00e4isemisest\u00e4 Yksil\u00f6llist\u00e4 ennaltaehk\u00e4isy\u00e4 Urhelijoiden yksil\u00f6llist\u00e4 huomiointia ja vammariskien v\u00e4hent\u00e4mist\u00e4.<\/p>\n","protected":false},"author":1,"featured_media":0,"parent":0,"menu_order":0,"comment_status":"closed","ping_status":"closed","template":"","meta":{"neve_meta_sidebar":"","neve_meta_container":"","neve_meta_enable_content_width":"on","neve_meta_content_width":100,"neve_meta_title_alignment":"","neve_meta_author_avatar":"","neve_post_elements_order":"","neve_meta_disable_header":"","neve_meta_disable_footer":"","neve_meta_disable_title":"on","footnotes":""},"class_list":["post-14","page","type-page","status-publish","hentry"],"_links":{"self":[{"href":"https:\/\/www.movefysio.fi\/index.php?rest_route=\/wp\/v2\/pages\/14"}],"collection":[{"href":"https:\/\/www.movefysio.fi\/index.php?rest_route=\/wp\/v2\/pages"}],"about":[{"href":"https:\/\/www.movefysio.fi\/index.php?rest_route=\/wp\/v2\/types\/page"}],"author":[{"embeddable":true,"href":"https:\/\/www.movefysio.fi\/index.php?rest_route=\/wp\/v2\/users\/1"}],"replies":[{"embeddable":true,"href":"https:\/\/www.movefysio.fi\/index.php?rest_route=%2Fwp%2Fv2%2Fcomments&post=14"}],"version-history":[{"count":61,"href":"https:\/\/www.movefysio.fi\/index.php?rest_route=\/wp\/v2\/pages\/14\/revisions"}],"predecessor-version":[{"id":462,"href":"https:\/\/www.movefysio.fi\/index.php?rest_route=\/wp\/v2\/pages\/14\/revisions\/462"}],"wp:attachment":[{"href":"https:\/\/www.movefysio.fi\/index.php?rest_route=%2Fwp%2Fv2%2Fmedia&parent=14"}],"curies":[{"name":"wp","href":"https:\/\/api.w.org\/{rel}","templated":true}]}}